{"id":27,"date":"2016-04-14T13:44:20","date_gmt":"2016-04-14T12:44:20","guid":{"rendered":"http:\/\/www.dekanstvihk.cz\/wp\/?page_id=27"},"modified":"2025-12-22T22:07:10","modified_gmt":"2025-12-22T21:07:10","slug":"home","status":"publish","type":"page","link":"http:\/\/www.dekanstvihk.cz\/wp\/","title":{"rendered":"P\u0159ejd\u011bte na nov\u00fd web farnosti"},"content":{"rendered":"<p><a href=\"https:\/\/www.katedralahradec.cz\"><img decoding=\"async\" loading=\"lazy\" class=\"alignnone size-medium wp-image-20355 aligncenter\" src=\"http:\/\/www.dekanstvihk.cz\/wp\/wp-content\/uploads\/2025\/12\/logo-farnosti-300x243.jpg\" alt=\"\" width=\"300\" height=\"243\" srcset=\"http:\/\/www.dekanstvihk.cz\/wp\/wp-content\/uploads\/2025\/12\/logo-farnosti-300x243.jpg 300w, http:\/\/www.dekanstvihk.cz\/wp\/wp-content\/uploads\/2025\/12\/logo-farnosti.jpg 392w\" sizes=\"(max-width: 300px) 100vw, 300px\" \/><\/a><\/p>\n<p style=\"text-align: center;\">P\u0159ejd\u011bte pros\u00edm na nov\u00e9 str\u00e1nky farnosti<\/p>\n<h1 style=\"text-align: center;\"><a href=\"https:\/\/www.katedralahradec.cz\">https:\/\/www.katedralahradec.cz<\/a>.<\/h1>\n","protected":false},"excerpt":{"rendered":"<p>P\u0159ejd\u011bte pros\u00edm na nov\u00e9 str\u00e1nky farnosti https:\/\/www.katedralahradec.cz.<\/p>\n","protected":false},"author":1,"featured_media":1416,"parent":0,"menu_order":0,"comment_status":"closed","ping_status":"closed","template":"","meta":{"ngg_post_thumbnail":0},"_links":{"self":[{"href":"http:\/\/www.dekanstvihk.cz\/wp\/wp-json\/wp\/v2\/pages\/27"}],"collection":[{"href":"http:\/\/www.dekanstvihk.cz\/wp\/wp-json\/wp\/v2\/pages"}],"about":[{"href":"http:\/\/www.dekanstvihk.cz\/wp\/wp-json\/wp\/v2\/types\/page"}],"author":[{"embeddable":true,"href":"http:\/\/www.dekanstvihk.cz\/wp\/wp-json\/wp\/v2\/users\/1"}],"replies":[{"embeddable":true,"href":"http:\/\/www.dekanstvihk.cz\/wp\/wp-json\/wp\/v2\/comments?post=27"}],"version-history":[{"count":19,"href":"http:\/\/www.dekanstvihk.cz\/wp\/wp-json\/wp\/v2\/pages\/27\/revisions"}],"predecessor-version":[{"id":20356,"href":"http:\/\/www.dekanstvihk.cz\/wp\/wp-json\/wp\/v2\/pages\/27\/revisions\/20356"}],"wp:featuredmedia":[{"embeddable":true,"href":"http:\/\/www.dekanstvihk.cz\/wp\/wp-json\/wp\/v2\/media\/1416"}],"wp:attachment":[{"href":"http:\/\/www.dekanstvihk.cz\/wp\/wp-json\/wp\/v2\/media?parent=27"}],"curies":[{"name":"wp","href":"https:\/\/api.w.org\/{rel}","templated":true}]}}