{"id":11,"date":"2016-04-14T13:41:01","date_gmt":"2016-04-14T12:41:01","guid":{"rendered":"http:\/\/www.dekanstvihk.cz\/wp\/?page_id=11"},"modified":"2025-10-25T21:54:46","modified_gmt":"2025-10-25T20:54:46","slug":"zpravodaj","status":"publish","type":"page","link":"https:\/\/www.dekanstvihk.cz\/wp\/zpravodaj\/","title":{"rendered":"Zpravodaj"},"content":{"rendered":"<p><a href=\"http:\/\/www.dekanstvihk.cz\/wp\/wp-content\/uploads\/2016\/11\/aktualni.pdf\" target=\"_blank\" rel=\"noopener noreferrer\"><img decoding=\"async\" loading=\"lazy\" class=\"alignleft size-full wp-image-1503\" src=\"http:\/\/www.dekanstvihk.cz\/wp\/wp-content\/uploads\/2016\/04\/ikona2_pdf.jpg\" alt=\"ikona_pdf\" width=\"32\" height=\"32\" \/><\/a><\/p>\n<p><a href=\"http:\/\/www.dekanstvihk.cz\/wp\/wp-content\/uploads\/2025\/10\/Informace-farnosti-2025-10-26.pdf\" target=\"_blank\" rel=\"noopener noreferrer\">odkaz ke sta\u017een\u00ed zpravodaje<\/a><\/p>\n<p>(Pro zobrazen\u00ed dal\u0161\u00edch str\u00e1nek\u00a0Zpravodaje naje\u010fte my\u0161\u00ed na spodn\u00ed \u010d\u00e1st strany a listujte \u0161ipkami.)<\/p>\n<a href=\"https:\/\/www.dekanstvihk.cz\/wp\/wp-content\/uploads\/2025\/10\/Informace-farnosti-2025-10-26.pdf\" class=\"pdfemb-viewer\" style=\"\" data-width=\"max\" data-height=\"max\"  data-toolbar=\"bottom\" data-toolbar-fixed=\"off\">Informace-farnosti-2025-10-26<br\/><\/a>\n","protected":false},"excerpt":{"rendered":"<p>odkaz ke sta\u017een\u00ed zpravodaje (Pro zobrazen\u00ed dal\u0161\u00edch str\u00e1nek\u00a0Zpravodaje naje\u010fte my\u0161\u00ed na spodn\u00ed \u010d\u00e1st strany a listujte \u0161ipkami.)<\/p>\n","protected":false},"author":1,"featured_media":0,"parent":0,"menu_order":0,"comment_status":"closed","ping_status":"closed","template":"page-fullwidth.php","meta":{"ngg_post_thumbnail":0},"_links":{"self":[{"href":"https:\/\/www.dekanstvihk.cz\/wp\/wp-json\/wp\/v2\/pages\/11"}],"collection":[{"href":"https:\/\/www.dekanstvihk.cz\/wp\/wp-json\/wp\/v2\/pages"}],"about":[{"href":"https:\/\/www.dekanstvihk.cz\/wp\/wp-json\/wp\/v2\/types\/page"}],"author":[{"embeddable":true,"href":"https:\/\/www.dekanstvihk.cz\/wp\/wp-json\/wp\/v2\/users\/1"}],"replies":[{"embeddable":true,"href":"https:\/\/www.dekanstvihk.cz\/wp\/wp-json\/wp\/v2\/comments?post=11"}],"version-history":[{"count":98,"href":"https:\/\/www.dekanstvihk.cz\/wp\/wp-json\/wp\/v2\/pages\/11\/revisions"}],"predecessor-version":[{"id":20322,"href":"https:\/\/www.dekanstvihk.cz\/wp\/wp-json\/wp\/v2\/pages\/11\/revisions\/20322"}],"wp:attachment":[{"href":"https:\/\/www.dekanstvihk.cz\/wp\/wp-json\/wp\/v2\/media?parent=11"}],"curies":[{"name":"wp","href":"https:\/\/api.w.org\/{rel}","templated":true}]}}